{"id":77,"date":"2020-09-20T09:20:03","date_gmt":"2020-09-20T06:20:03","guid":{"rendered":"https:\/\/esmeraylaw.com\/zh-CN\/?page_id=77"},"modified":"2021-08-07T04:13:36","modified_gmt":"2021-08-07T01:13:36","slug":"zeynep-urkun-sener","status":"publish","type":"page","link":"https:\/\/esmeraylaw.com\/de\/zeynep-urkun-sener\/","title":{"rendered":"Zeynep \u00dcrk\u00fcn \u015eener"},"content":{"rendered":"<p>[vc_row][vc_column][vc_column_text]<strong>Zeynep \u00dcRK\u00dcN \u015eENER LLM, (Partner)<\/strong><\/p>\n<p>Eingetragen bei der Istanbul Bar Association<\/p>\n<p>Bildung:<\/p>\n<p>&#8211; Queen Mary, Universit\u00e4t London (UK), Internationales Handelsrecht, <em>(L.L.M.)<\/em><\/p>\n<p>&#8211; Juristische Fakult\u00e4t der Universit\u00e4t Yeditepe, Istanbul, <em>(L.L.B)<\/em><\/p>\n<p>Sprachen: T\u00fcrkisch und Englisch<\/p>\n<p>Zeynep URKUN SENER ist Senior Associate Lawyer in der Anwaltskanzlei Esmeray. Sie verf\u00fcgt \u00fcber umfassende Erfahrung in den Bereichen Gesellschaftsrecht, Baurecht, Recht des geistigen Eigentums, Energie- und Regulierungsfragen, Arbeitsrecht und Streitbeilegung. Sie war an der Erbringung von Rechtsdienstleistungen f\u00fcr wichtige Streitigkeiten \u00fcber geistiges Eigentum, Projektfinanzierungsgesch\u00e4fte und Unternehmenstransaktionen beteiligt. Sie ber\u00e4t unsere Kunden auch in ihrem Tagesgesch\u00e4ft sowie bei der Ausarbeitung und \u00dcberpr\u00fcfung verschiedener Arten von Vereinbarungen und Transaktionsdokumenten.[\/vc_column_text][\/vc_column][\/vc_row]<\/p>\n","protected":false},"excerpt":{"rendered":"<p>[vc_row][vc_column][vc_column_text]Zeynep \u00dcRK\u00dcN \u015eENER LLM, (Partner) Eingetragen bei der Istanbul Bar Association Bildung: &#8211; Queen Mary, Universit\u00e4t London (UK), Internationales Handelsrecht, (L.L.M.) &#8211; Juristische Fakult\u00e4t der Universit\u00e4t<span class=\"excerpt-hellip\"> [\u2026]<\/span><\/p>\n","protected":false},"author":1,"featured_media":0,"parent":0,"menu_order":0,"comment_status":"closed","ping_status":"closed","template":"","meta":{"footnotes":""},"class_list":["post-77","page","type-page","status-publish","hentry"],"yoast_head":"<!-- This site is optimized with the Yoast SEO plugin v27.3 - https:\/\/yoast.com\/product\/yoast-seo-wordpress\/ -->\n<title>Zeynep \u00dcrk\u00fcn \u015eener - Esmeray Anwaltskanzlei<\/title>\n<meta name=\"robots\" content=\"index, follow, max-snippet:-1, max-image-preview:large, max-video-preview:-1\" \/>\n<link rel=\"canonical\" href=\"https:\/\/esmeraylaw.com\/de\/zeynep-urkun-sener\/\" \/>\n<meta property=\"og:locale\" content=\"de_DE\" \/>\n<meta property=\"og:type\" content=\"article\" \/>\n<meta property=\"og:title\" content=\"Zeynep \u00dcrk\u00fcn \u015eener - Esmeray Anwaltskanzlei\" \/>\n<meta property=\"og:description\" content=\"[vc_row][vc_column][vc_column_text]Zeynep \u00dcRK\u00dcN \u015eENER LLM, (Partner) Eingetragen bei der Istanbul Bar Association Bildung: &#8211; Queen Mary, Universit\u00e4t London (UK), Internationales Handelsrecht, (L.L.M.) &#8211; Juristische Fakult\u00e4t der Universit\u00e4t [\u2026]\" \/>\n<meta property=\"og:url\" content=\"https:\/\/esmeraylaw.com\/de\/zeynep-urkun-sener\/\" \/>\n<meta property=\"og:site_name\" content=\"Esmeray Anwaltskanzlei\" \/>\n<meta property=\"article:modified_time\" content=\"2021-08-07T01:13:36+00:00\" \/>\n<meta name=\"twitter:card\" content=\"summary_large_image\" \/>\n<meta name=\"twitter:label1\" content=\"Gesch\u00e4tzte Lesezeit\" \/>\n\t<meta name=\"twitter:data1\" content=\"1\u00a0Minute\" \/>\n<script type=\"application\/ld+json\" class=\"yoast-schema-graph\">{\"@context\":\"https:\\\/\\\/schema.org\",\"@graph\":[{\"@type\":\"WebPage\",\"@id\":\"https:\\\/\\\/esmeraylaw.com\\\/de\\\/zeynep-urkun-sener\\\/\",\"url\":\"https:\\\/\\\/esmeraylaw.com\\\/de\\\/zeynep-urkun-sener\\\/\",\"name\":\"Zeynep \u00dcrk\u00fcn \u015eener - Esmeray Anwaltskanzlei\",\"isPartOf\":{\"@id\":\"https:\\\/\\\/esmeraylaw.com\\\/de\\\/#website\"},\"datePublished\":\"2020-09-20T06:20:03+00:00\",\"dateModified\":\"2021-08-07T01:13:36+00:00\",\"breadcrumb\":{\"@id\":\"https:\\\/\\\/esmeraylaw.com\\\/de\\\/zeynep-urkun-sener\\\/#breadcrumb\"},\"inLanguage\":\"de\",\"potentialAction\":[{\"@type\":\"ReadAction\",\"target\":[\"https:\\\/\\\/esmeraylaw.com\\\/de\\\/zeynep-urkun-sener\\\/\"]}]},{\"@type\":\"BreadcrumbList\",\"@id\":\"https:\\\/\\\/esmeraylaw.com\\\/de\\\/zeynep-urkun-sener\\\/#breadcrumb\",\"itemListElement\":[{\"@type\":\"ListItem\",\"position\":1,\"name\":\"\u9996\u9801\",\"item\":\"https:\\\/\\\/esmeraylaw.com\\\/de\\\/\"},{\"@type\":\"ListItem\",\"position\":2,\"name\":\"Zeynep \u00dcrk\u00fcn \u015eener\"}]},{\"@type\":\"WebSite\",\"@id\":\"https:\\\/\\\/esmeraylaw.com\\\/de\\\/#website\",\"url\":\"https:\\\/\\\/esmeraylaw.com\\\/de\\\/\",\"name\":\"Esmeray Anwaltskanzlei\",\"description\":\"Rechtsanwalt f\u00fcr Wirtschaftsrecht\",\"potentialAction\":[{\"@type\":\"SearchAction\",\"target\":{\"@type\":\"EntryPoint\",\"urlTemplate\":\"https:\\\/\\\/esmeraylaw.com\\\/de\\\/?s={search_term_string}\"},\"query-input\":{\"@type\":\"PropertyValueSpecification\",\"valueRequired\":true,\"valueName\":\"search_term_string\"}}],\"inLanguage\":\"de\"}]}<\/script>\n<!-- \/ Yoast SEO plugin. -->","yoast_head_json":{"title":"Zeynep \u00dcrk\u00fcn \u015eener - Esmeray Anwaltskanzlei","robots":{"index":"index","follow":"follow","max-snippet":"max-snippet:-1","max-image-preview":"max-image-preview:large","max-video-preview":"max-video-preview:-1"},"canonical":"https:\/\/esmeraylaw.com\/de\/zeynep-urkun-sener\/","og_locale":"de_DE","og_type":"article","og_title":"Zeynep \u00dcrk\u00fcn \u015eener - Esmeray Anwaltskanzlei","og_description":"[vc_row][vc_column][vc_column_text]Zeynep \u00dcRK\u00dcN \u015eENER LLM, (Partner) Eingetragen bei der Istanbul Bar Association Bildung: &#8211; Queen Mary, Universit\u00e4t London (UK), Internationales Handelsrecht, (L.L.M.) &#8211; Juristische Fakult\u00e4t der Universit\u00e4t [\u2026]","og_url":"https:\/\/esmeraylaw.com\/de\/zeynep-urkun-sener\/","og_site_name":"Esmeray Anwaltskanzlei","article_modified_time":"2021-08-07T01:13:36+00:00","twitter_card":"summary_large_image","twitter_misc":{"Gesch\u00e4tzte Lesezeit":"1\u00a0Minute"},"schema":{"@context":"https:\/\/schema.org","@graph":[{"@type":"WebPage","@id":"https:\/\/esmeraylaw.com\/de\/zeynep-urkun-sener\/","url":"https:\/\/esmeraylaw.com\/de\/zeynep-urkun-sener\/","name":"Zeynep \u00dcrk\u00fcn \u015eener - Esmeray Anwaltskanzlei","isPartOf":{"@id":"https:\/\/esmeraylaw.com\/de\/#website"},"datePublished":"2020-09-20T06:20:03+00:00","dateModified":"2021-08-07T01:13:36+00:00","breadcrumb":{"@id":"https:\/\/esmeraylaw.com\/de\/zeynep-urkun-sener\/#breadcrumb"},"inLanguage":"de","potentialAction":[{"@type":"ReadAction","target":["https:\/\/esmeraylaw.com\/de\/zeynep-urkun-sener\/"]}]},{"@type":"BreadcrumbList","@id":"https:\/\/esmeraylaw.com\/de\/zeynep-urkun-sener\/#breadcrumb","itemListElement":[{"@type":"ListItem","position":1,"name":"\u9996\u9801","item":"https:\/\/esmeraylaw.com\/de\/"},{"@type":"ListItem","position":2,"name":"Zeynep \u00dcrk\u00fcn \u015eener"}]},{"@type":"WebSite","@id":"https:\/\/esmeraylaw.com\/de\/#website","url":"https:\/\/esmeraylaw.com\/de\/","name":"Esmeray Anwaltskanzlei","description":"Rechtsanwalt f\u00fcr Wirtschaftsrecht","potentialAction":[{"@type":"SearchAction","target":{"@type":"EntryPoint","urlTemplate":"https:\/\/esmeraylaw.com\/de\/?s={search_term_string}"},"query-input":{"@type":"PropertyValueSpecification","valueRequired":true,"valueName":"search_term_string"}}],"inLanguage":"de"}]}},"_links":{"self":[{"href":"https:\/\/esmeraylaw.com\/de\/wp-json\/wp\/v2\/pages\/77","targetHints":{"allow":["GET"]}}],"collection":[{"href":"https:\/\/esmeraylaw.com\/de\/wp-json\/wp\/v2\/pages"}],"about":[{"href":"https:\/\/esmeraylaw.com\/de\/wp-json\/wp\/v2\/types\/page"}],"author":[{"embeddable":true,"href":"https:\/\/esmeraylaw.com\/de\/wp-json\/wp\/v2\/users\/1"}],"replies":[{"embeddable":true,"href":"https:\/\/esmeraylaw.com\/de\/wp-json\/wp\/v2\/comments?post=77"}],"version-history":[{"count":0,"href":"https:\/\/esmeraylaw.com\/de\/wp-json\/wp\/v2\/pages\/77\/revisions"}],"wp:attachment":[{"href":"https:\/\/esmeraylaw.com\/de\/wp-json\/wp\/v2\/media?parent=77"}],"curies":[{"name":"wp","href":"https:\/\/api.w.org\/{rel}","templated":true}]}}