{"id":62,"date":"2020-09-20T00:17:26","date_gmt":"2020-09-19T21:17:26","guid":{"rendered":"https:\/\/esmeraylaw.com\/tr\/?page_id=62"},"modified":"2020-10-24T00:29:35","modified_gmt":"2020-10-23T21:29:35","slug":"ekibimiz","status":"publish","type":"page","link":"https:\/\/esmeraylaw.com\/tr\/ekibimiz\/","title":{"rendered":"Ekibimiz"},"content":{"rendered":"<p>[vc_row][vc_column][vc_column_text]<\/p>\n<p style=\"text-align: justify;\">E\u011fitim ve tecr\u00fcbe d\u00fczeyi \u2013 prestijli \u00fcniversitelerden diploma, &#8220;b\u00fcy\u00fck hukuk b\u00fcrosu&#8221; tecr\u00fcbesi, ileri seviye e\u011fitim ve sertifikalar &#8211; y\u00fcksek avukat ve uzmanlardan olu\u015fan ekibi ile Esmeray Hukuk B\u00fcrosu m\u00fcvekkillerine her t\u00fcrl\u00fc ticaret, \u015firketler, i\u015f, enerji, sa\u011fl\u0131k, ila\u00e7, in\u015faat, gayrimenkul, fikri ve s\u0131nai m\u00fclkiyet, vergi, rekabet, s\u00f6zle\u015fme hukuku konular\u0131nda hizmet sunmaktad\u0131r. Avukatlar\u0131m\u0131z g\u00fcn\u00fcm\u00fcz ticaret hayat\u0131n\u0131n zorluklar\u0131 ile ba\u015f edebilme bilgi ve becerileri ile donat\u0131lm\u0131\u015flard\u0131r.<\/p>\n<p>[\/vc_column_text][\/vc_column][\/vc_row]<\/p>\n","protected":false},"excerpt":{"rendered":"<p>[vc_row][vc_column][vc_column_text] E\u011fitim ve tecr\u00fcbe d\u00fczeyi \u2013 prestijli \u00fcniversitelerden diploma, &#8220;b\u00fcy\u00fck hukuk b\u00fcrosu&#8221; tecr\u00fcbesi, ileri seviye e\u011fitim ve sertifikalar &#8211; y\u00fcksek avukat ve uzmanlardan olu\u015fan ekibi ile<span class=\"excerpt-hellip\"> [\u2026]<\/span><\/p>\n","protected":false},"author":1,"featured_media":0,"parent":0,"menu_order":0,"comment_status":"closed","ping_status":"closed","template":"","meta":{"footnotes":""},"class_list":["post-62","page","type-page","status-publish","hentry"],"yoast_head":"<!-- This site is optimized with the Yoast SEO plugin v27.5 - https:\/\/yoast.com\/product\/yoast-seo-wordpress\/ -->\n<title>Ekibimiz - Esmeray Hukuk B\u00fcrosu<\/title>\n<meta name=\"description\" content=\"E\u011fitim ve tecr\u00fcbe d\u00fczeyi \u2013 prestijli \u00fcniversitelerden diploma, &quot;b\u00fcy\u00fck hukuk b\u00fcrosu&quot; tecr\u00fcbesi, ileri seviye e\u011fitim ve sertifikalar - y\u00fcksek avukat ve uzmanlardan olu\u015fan ekibi ile Esmeray Hukuk B\u00fcrosu m\u00fcvekkillerine her t\u00fcrl\u00fc ticaret, \u015firketler, i\u015f, enerji, sa\u011fl\u0131k, ila\u00e7, in\u015faat, gayrimenkul, fikri ve s\u0131nai m\u00fclkiyet, vergi, rekabet, s\u00f6zle\u015fme hukuku konular\u0131nda hizmet sunmaktad\u0131r. Avukatlar\u0131m\u0131z g\u00fcn\u00fcm\u00fcz ticaret hayat\u0131n\u0131n zorluklar\u0131 ile ba\u015f edebilme bilgi ve becerileri ile donat\u0131lm\u0131\u015flard\u0131r.\" \/>\n<meta name=\"robots\" content=\"index, follow, max-snippet:-1, max-image-preview:large, max-video-preview:-1\" \/>\n<link rel=\"canonical\" href=\"https:\/\/esmeraylaw.com\/tr\/ekibimiz\/\" \/>\n<meta property=\"og:locale\" content=\"tr_TR\" \/>\n<meta property=\"og:type\" content=\"article\" \/>\n<meta property=\"og:title\" content=\"Ekibimiz - Esmeray Hukuk B\u00fcrosu\" \/>\n<meta property=\"og:description\" content=\"E\u011fitim ve tecr\u00fcbe d\u00fczeyi \u2013 prestijli \u00fcniversitelerden diploma, &quot;b\u00fcy\u00fck hukuk b\u00fcrosu&quot; tecr\u00fcbesi, ileri seviye e\u011fitim ve sertifikalar - y\u00fcksek avukat ve uzmanlardan olu\u015fan ekibi ile Esmeray Hukuk B\u00fcrosu m\u00fcvekkillerine her t\u00fcrl\u00fc ticaret, \u015firketler, i\u015f, enerji, sa\u011fl\u0131k, ila\u00e7, in\u015faat, gayrimenkul, fikri ve s\u0131nai m\u00fclkiyet, vergi, rekabet, s\u00f6zle\u015fme hukuku konular\u0131nda hizmet sunmaktad\u0131r. Avukatlar\u0131m\u0131z g\u00fcn\u00fcm\u00fcz ticaret hayat\u0131n\u0131n zorluklar\u0131 ile ba\u015f edebilme bilgi ve becerileri ile donat\u0131lm\u0131\u015flard\u0131r.\" \/>\n<meta property=\"og:url\" content=\"https:\/\/esmeraylaw.com\/tr\/ekibimiz\/\" \/>\n<meta property=\"og:site_name\" content=\"Esmeray Hukuk B\u00fcrosu\" \/>\n<meta property=\"article:publisher\" content=\"https:\/\/www.facebook.com\/esmeraylaw\" \/>\n<meta property=\"article:modified_time\" content=\"2020-10-23T21:29:35+00:00\" \/>\n<meta property=\"og:image\" content=\"https:\/\/esmeraylaw.com\/tr\/wp-content\/uploads\/2020\/09\/logo.jpg\" \/>\n\t<meta property=\"og:image:width\" content=\"122\" \/>\n\t<meta property=\"og:image:height\" content=\"65\" \/>\n\t<meta property=\"og:image:type\" content=\"image\/jpeg\" \/>\n<meta name=\"twitter:card\" content=\"summary_large_image\" \/>\n<meta name=\"twitter:site\" content=\"@EsmerayLaw\" \/>\n<meta name=\"twitter:label1\" content=\"Tahmini okuma s\u00fcresi\" \/>\n\t<meta name=\"twitter:data1\" content=\"1 dakika\" \/>\n<script type=\"application\/ld+json\" class=\"yoast-schema-graph\">{\"@context\":\"https:\\\/\\\/schema.org\",\"@graph\":[{\"@type\":\"WebPage\",\"@id\":\"https:\\\/\\\/esmeraylaw.com\\\/tr\\\/ekibimiz\\\/\",\"url\":\"https:\\\/\\\/esmeraylaw.com\\\/tr\\\/ekibimiz\\\/\",\"name\":\"Ekibimiz - Esmeray Hukuk B\u00fcrosu\",\"isPartOf\":{\"@id\":\"https:\\\/\\\/esmeraylaw.com\\\/tr\\\/#website\"},\"datePublished\":\"2020-09-19T21:17:26+00:00\",\"dateModified\":\"2020-10-23T21:29:35+00:00\",\"description\":\"E\u011fitim ve tecr\u00fcbe d\u00fczeyi \u2013 prestijli \u00fcniversitelerden diploma, \\\"b\u00fcy\u00fck hukuk b\u00fcrosu\\\" tecr\u00fcbesi, ileri seviye e\u011fitim ve sertifikalar - y\u00fcksek avukat ve uzmanlardan olu\u015fan ekibi ile Esmeray Hukuk B\u00fcrosu m\u00fcvekkillerine her t\u00fcrl\u00fc ticaret, \u015firketler, i\u015f, enerji, sa\u011fl\u0131k, ila\u00e7, in\u015faat, gayrimenkul, fikri ve s\u0131nai m\u00fclkiyet, vergi, rekabet, s\u00f6zle\u015fme hukuku konular\u0131nda hizmet sunmaktad\u0131r. Avukatlar\u0131m\u0131z g\u00fcn\u00fcm\u00fcz ticaret hayat\u0131n\u0131n zorluklar\u0131 ile ba\u015f edebilme bilgi ve becerileri ile donat\u0131lm\u0131\u015flard\u0131r.\",\"breadcrumb\":{\"@id\":\"https:\\\/\\\/esmeraylaw.com\\\/tr\\\/ekibimiz\\\/#breadcrumb\"},\"inLanguage\":\"tr\",\"potentialAction\":[{\"@type\":\"ReadAction\",\"target\":[\"https:\\\/\\\/esmeraylaw.com\\\/tr\\\/ekibimiz\\\/\"]}]},{\"@type\":\"BreadcrumbList\",\"@id\":\"https:\\\/\\\/esmeraylaw.com\\\/tr\\\/ekibimiz\\\/#breadcrumb\",\"itemListElement\":[{\"@type\":\"ListItem\",\"position\":1,\"name\":\"Ana sayfa\",\"item\":\"https:\\\/\\\/esmeraylaw.com\\\/tr\\\/\"},{\"@type\":\"ListItem\",\"position\":2,\"name\":\"Ekibimiz\"}]},{\"@type\":\"WebSite\",\"@id\":\"https:\\\/\\\/esmeraylaw.com\\\/tr\\\/#website\",\"url\":\"https:\\\/\\\/esmeraylaw.com\\\/tr\\\/\",\"name\":\"Esmeray Hukuk B\u00fcrosu\",\"description\":\"Ticaret Hukuku Avukat\u0131\",\"publisher\":{\"@id\":\"https:\\\/\\\/esmeraylaw.com\\\/tr\\\/#organization\"},\"potentialAction\":[{\"@type\":\"SearchAction\",\"target\":{\"@type\":\"EntryPoint\",\"urlTemplate\":\"https:\\\/\\\/esmeraylaw.com\\\/tr\\\/?s={search_term_string}\"},\"query-input\":{\"@type\":\"PropertyValueSpecification\",\"valueRequired\":true,\"valueName\":\"search_term_string\"}}],\"inLanguage\":\"tr\"},{\"@type\":\"Organization\",\"@id\":\"https:\\\/\\\/esmeraylaw.com\\\/tr\\\/#organization\",\"name\":\"Esmeray Hukuk B\u00fcrosu\",\"url\":\"https:\\\/\\\/esmeraylaw.com\\\/tr\\\/\",\"logo\":{\"@type\":\"ImageObject\",\"inLanguage\":\"tr\",\"@id\":\"https:\\\/\\\/esmeraylaw.com\\\/tr\\\/#\\\/schema\\\/logo\\\/image\\\/\",\"url\":\"https:\\\/\\\/esmeraylaw.com\\\/tr\\\/wp-content\\\/uploads\\\/2020\\\/09\\\/logo.jpg\",\"contentUrl\":\"https:\\\/\\\/esmeraylaw.com\\\/tr\\\/wp-content\\\/uploads\\\/2020\\\/09\\\/logo.jpg\",\"width\":122,\"height\":65,\"caption\":\"Esmeray Hukuk B\u00fcrosu\"},\"image\":{\"@id\":\"https:\\\/\\\/esmeraylaw.com\\\/tr\\\/#\\\/schema\\\/logo\\\/image\\\/\"},\"sameAs\":[\"https:\\\/\\\/www.facebook.com\\\/esmeraylaw\",\"https:\\\/\\\/x.com\\\/EsmerayLaw\",\"https:\\\/\\\/www.instagram.com\\\/esmerayhukukburosu\",\"https:\\\/\\\/www.linkedin.com\\\/in\\\/esmeraylaw\"]}]}<\/script>\n<!-- \/ Yoast SEO plugin. -->","yoast_head_json":{"title":"Ekibimiz - Esmeray Hukuk B\u00fcrosu","description":"E\u011fitim ve tecr\u00fcbe d\u00fczeyi \u2013 prestijli \u00fcniversitelerden diploma, \"b\u00fcy\u00fck hukuk b\u00fcrosu\" tecr\u00fcbesi, ileri seviye e\u011fitim ve sertifikalar - y\u00fcksek avukat ve uzmanlardan olu\u015fan ekibi ile Esmeray Hukuk B\u00fcrosu m\u00fcvekkillerine her t\u00fcrl\u00fc ticaret, \u015firketler, i\u015f, enerji, sa\u011fl\u0131k, ila\u00e7, in\u015faat, gayrimenkul, fikri ve s\u0131nai m\u00fclkiyet, vergi, rekabet, s\u00f6zle\u015fme hukuku konular\u0131nda hizmet sunmaktad\u0131r. Avukatlar\u0131m\u0131z g\u00fcn\u00fcm\u00fcz ticaret hayat\u0131n\u0131n zorluklar\u0131 ile ba\u015f edebilme bilgi ve becerileri ile donat\u0131lm\u0131\u015flard\u0131r.","robots":{"index":"index","follow":"follow","max-snippet":"max-snippet:-1","max-image-preview":"max-image-preview:large","max-video-preview":"max-video-preview:-1"},"canonical":"https:\/\/esmeraylaw.com\/tr\/ekibimiz\/","og_locale":"tr_TR","og_type":"article","og_title":"Ekibimiz - Esmeray Hukuk B\u00fcrosu","og_description":"E\u011fitim ve tecr\u00fcbe d\u00fczeyi \u2013 prestijli \u00fcniversitelerden diploma, \"b\u00fcy\u00fck hukuk b\u00fcrosu\" tecr\u00fcbesi, ileri seviye e\u011fitim ve sertifikalar - y\u00fcksek avukat ve uzmanlardan olu\u015fan ekibi ile Esmeray Hukuk B\u00fcrosu m\u00fcvekkillerine her t\u00fcrl\u00fc ticaret, \u015firketler, i\u015f, enerji, sa\u011fl\u0131k, ila\u00e7, in\u015faat, gayrimenkul, fikri ve s\u0131nai m\u00fclkiyet, vergi, rekabet, s\u00f6zle\u015fme hukuku konular\u0131nda hizmet sunmaktad\u0131r. Avukatlar\u0131m\u0131z g\u00fcn\u00fcm\u00fcz ticaret hayat\u0131n\u0131n zorluklar\u0131 ile ba\u015f edebilme bilgi ve becerileri ile donat\u0131lm\u0131\u015flard\u0131r.","og_url":"https:\/\/esmeraylaw.com\/tr\/ekibimiz\/","og_site_name":"Esmeray Hukuk B\u00fcrosu","article_publisher":"https:\/\/www.facebook.com\/esmeraylaw","article_modified_time":"2020-10-23T21:29:35+00:00","og_image":[{"width":122,"height":65,"url":"https:\/\/esmeraylaw.com\/tr\/wp-content\/uploads\/2020\/09\/logo.jpg","type":"image\/jpeg"}],"twitter_card":"summary_large_image","twitter_site":"@EsmerayLaw","twitter_misc":{"Tahmini okuma s\u00fcresi":"1 dakika"},"schema":{"@context":"https:\/\/schema.org","@graph":[{"@type":"WebPage","@id":"https:\/\/esmeraylaw.com\/tr\/ekibimiz\/","url":"https:\/\/esmeraylaw.com\/tr\/ekibimiz\/","name":"Ekibimiz - Esmeray Hukuk B\u00fcrosu","isPartOf":{"@id":"https:\/\/esmeraylaw.com\/tr\/#website"},"datePublished":"2020-09-19T21:17:26+00:00","dateModified":"2020-10-23T21:29:35+00:00","description":"E\u011fitim ve tecr\u00fcbe d\u00fczeyi \u2013 prestijli \u00fcniversitelerden diploma, \"b\u00fcy\u00fck hukuk b\u00fcrosu\" tecr\u00fcbesi, ileri seviye e\u011fitim ve sertifikalar - y\u00fcksek avukat ve uzmanlardan olu\u015fan ekibi ile Esmeray Hukuk B\u00fcrosu m\u00fcvekkillerine her t\u00fcrl\u00fc ticaret, \u015firketler, i\u015f, enerji, sa\u011fl\u0131k, ila\u00e7, in\u015faat, gayrimenkul, fikri ve s\u0131nai m\u00fclkiyet, vergi, rekabet, s\u00f6zle\u015fme hukuku konular\u0131nda hizmet sunmaktad\u0131r. Avukatlar\u0131m\u0131z g\u00fcn\u00fcm\u00fcz ticaret hayat\u0131n\u0131n zorluklar\u0131 ile ba\u015f edebilme bilgi ve becerileri ile donat\u0131lm\u0131\u015flard\u0131r.","breadcrumb":{"@id":"https:\/\/esmeraylaw.com\/tr\/ekibimiz\/#breadcrumb"},"inLanguage":"tr","potentialAction":[{"@type":"ReadAction","target":["https:\/\/esmeraylaw.com\/tr\/ekibimiz\/"]}]},{"@type":"BreadcrumbList","@id":"https:\/\/esmeraylaw.com\/tr\/ekibimiz\/#breadcrumb","itemListElement":[{"@type":"ListItem","position":1,"name":"Ana sayfa","item":"https:\/\/esmeraylaw.com\/tr\/"},{"@type":"ListItem","position":2,"name":"Ekibimiz"}]},{"@type":"WebSite","@id":"https:\/\/esmeraylaw.com\/tr\/#website","url":"https:\/\/esmeraylaw.com\/tr\/","name":"Esmeray Hukuk B\u00fcrosu","description":"Ticaret Hukuku Avukat\u0131","publisher":{"@id":"https:\/\/esmeraylaw.com\/tr\/#organization"},"potentialAction":[{"@type":"SearchAction","target":{"@type":"EntryPoint","urlTemplate":"https:\/\/esmeraylaw.com\/tr\/?s={search_term_string}"},"query-input":{"@type":"PropertyValueSpecification","valueRequired":true,"valueName":"search_term_string"}}],"inLanguage":"tr"},{"@type":"Organization","@id":"https:\/\/esmeraylaw.com\/tr\/#organization","name":"Esmeray Hukuk B\u00fcrosu","url":"https:\/\/esmeraylaw.com\/tr\/","logo":{"@type":"ImageObject","inLanguage":"tr","@id":"https:\/\/esmeraylaw.com\/tr\/#\/schema\/logo\/image\/","url":"https:\/\/esmeraylaw.com\/tr\/wp-content\/uploads\/2020\/09\/logo.jpg","contentUrl":"https:\/\/esmeraylaw.com\/tr\/wp-content\/uploads\/2020\/09\/logo.jpg","width":122,"height":65,"caption":"Esmeray Hukuk B\u00fcrosu"},"image":{"@id":"https:\/\/esmeraylaw.com\/tr\/#\/schema\/logo\/image\/"},"sameAs":["https:\/\/www.facebook.com\/esmeraylaw","https:\/\/x.com\/EsmerayLaw","https:\/\/www.instagram.com\/esmerayhukukburosu","https:\/\/www.linkedin.com\/in\/esmeraylaw"]}]}},"_links":{"self":[{"href":"https:\/\/esmeraylaw.com\/tr\/wp-json\/wp\/v2\/pages\/62","targetHints":{"allow":["GET"]}}],"collection":[{"href":"https:\/\/esmeraylaw.com\/tr\/wp-json\/wp\/v2\/pages"}],"about":[{"href":"https:\/\/esmeraylaw.com\/tr\/wp-json\/wp\/v2\/types\/page"}],"author":[{"embeddable":true,"href":"https:\/\/esmeraylaw.com\/tr\/wp-json\/wp\/v2\/users\/1"}],"replies":[{"embeddable":true,"href":"https:\/\/esmeraylaw.com\/tr\/wp-json\/wp\/v2\/comments?post=62"}],"version-history":[{"count":0,"href":"https:\/\/esmeraylaw.com\/tr\/wp-json\/wp\/v2\/pages\/62\/revisions"}],"wp:attachment":[{"href":"https:\/\/esmeraylaw.com\/tr\/wp-json\/wp\/v2\/media?parent=62"}],"curies":[{"name":"wp","href":"https:\/\/api.w.org\/{rel}","templated":true}]}}