{"id":77,"date":"2020-09-20T09:20:03","date_gmt":"2020-09-20T06:20:03","guid":{"rendered":"https:\/\/esmeraylaw.com\/zh-CN\/?page_id=77"},"modified":"2020-09-21T18:52:11","modified_gmt":"2020-09-21T15:52:11","slug":"sukru-varilci","status":"publish","type":"page","link":"https:\/\/esmeraylaw.com\/zh-CN\/sukru-varilci\/","title":{"rendered":"\u015e\u00fckr\u00fc Varilci"},"content":{"rendered":"<p>[vc_row][vc_column][vc_column_text]\u6559\u80b2<\/p>\n<p>\u4f0a\u65af\u5766\u5e03\u5c14\u5927\u5b66\u7ecf\u6d4e\u5b66\u9662(L.L.B)<\/p>\n<p>\u8bed\u8a00\uff1a\u571f\u8033\u5176\u8bed\u548c\u82f1\u8bed<\/p>\n<p>\u015eukru\u662f\u6ce8\u518c\u4f1a\u8ba1\u5e08expertese\u4f1a\u8ba1\u3001\u5ba1\u8ba1\u548c\u8d22\u52a1\u62a5\u544a\u3001\u7a0e\u52a1\u54a8\u8be2\u548c\u8d22\u52a1\u89c4\u5212\u3002\u62e5\u6709\u8d85\u8fc720\u5e74\u7684\u4e0d\u540c\u7ecf\u9a8c,\u015eukru\u4e13\u4e1a\u77e5\u8bc6\u53ef\u4ee5\u89e3\u51b3\u6bcf\u4e2a\u9636\u6bb5\u7684\u72ec\u7279\u9700\u6c42\u5305\u62ec\u751f\u547d\u5468\u671f\u4ece\u521d\u521b\u5230\u6210\u957f,\u6210\u719f\u548c\u9000\u51fa\u7b56\u7565\u3002[\/vc_column_text][\/vc_column][\/vc_row]<\/p>\n","protected":false},"excerpt":{"rendered":"<p>[vc_row][vc_column][vc_col<span class=\"excerpt-hellip\"> [\u2026]<\/span><\/p>\n","protected":false},"author":1,"featured_media":0,"parent":0,"menu_order":0,"comment_status":"closed","ping_status":"closed","template":"","meta":{"footnotes":""},"class_list":["post-77","page","type-page","status-publish","hentry"],"yoast_head":"<!-- This site is optimized with the Yoast SEO plugin v27.3 - https:\/\/yoast.com\/product\/yoast-seo-wordpress\/ -->\n<title>\u015e\u00fckr\u00fc Varilci - Esmeray \u5f8b\u5e08\u4e8b\u52a1\u6240<\/title>\n<meta name=\"robots\" content=\"index, follow, max-snippet:-1, max-image-preview:large, max-video-preview:-1\" \/>\n<link rel=\"canonical\" href=\"https:\/\/esmeraylaw.com\/zh-CN\/sukru-varilci\/\" \/>\n<meta property=\"og:locale\" content=\"zh_TW\" \/>\n<meta property=\"og:type\" content=\"article\" \/>\n<meta property=\"og:title\" content=\"\u015e\u00fckr\u00fc Varilci - Esmeray \u5f8b\u5e08\u4e8b\u52a1\u6240\" \/>\n<meta property=\"og:description\" content=\"[vc_row][vc_column][vc_col [\u2026]\" \/>\n<meta property=\"og:url\" content=\"https:\/\/esmeraylaw.com\/zh-CN\/sukru-varilci\/\" \/>\n<meta property=\"og:site_name\" content=\"Esmeray \u5f8b\u5e08\u4e8b\u52a1\u6240\" \/>\n<meta property=\"article:modified_time\" content=\"2020-09-21T15:52:11+00:00\" \/>\n<meta name=\"twitter:card\" content=\"summary_large_image\" \/>\n<script type=\"application\/ld+json\" class=\"yoast-schema-graph\">{\"@context\":\"https:\\\/\\\/schema.org\",\"@graph\":[{\"@type\":\"WebPage\",\"@id\":\"https:\\\/\\\/esmeraylaw.com\\\/zh-CN\\\/sukru-varilci\\\/\",\"url\":\"https:\\\/\\\/esmeraylaw.com\\\/zh-CN\\\/sukru-varilci\\\/\",\"name\":\"\u015e\u00fckr\u00fc Varilci - Esmeray \u5f8b\u5e08\u4e8b\u52a1\u6240\",\"isPartOf\":{\"@id\":\"https:\\\/\\\/esmeraylaw.com\\\/zh-CN\\\/#website\"},\"datePublished\":\"2020-09-20T06:20:03+00:00\",\"dateModified\":\"2020-09-21T15:52:11+00:00\",\"breadcrumb\":{\"@id\":\"https:\\\/\\\/esmeraylaw.com\\\/zh-CN\\\/sukru-varilci\\\/#breadcrumb\"},\"inLanguage\":\"zh-TW\",\"potentialAction\":[{\"@type\":\"ReadAction\",\"target\":[\"https:\\\/\\\/esmeraylaw.com\\\/zh-CN\\\/sukru-varilci\\\/\"]}]},{\"@type\":\"BreadcrumbList\",\"@id\":\"https:\\\/\\\/esmeraylaw.com\\\/zh-CN\\\/sukru-varilci\\\/#breadcrumb\",\"itemListElement\":[{\"@type\":\"ListItem\",\"position\":1,\"name\":\"\u9996\u9801\",\"item\":\"https:\\\/\\\/esmeraylaw.com\\\/zh-CN\\\/\"},{\"@type\":\"ListItem\",\"position\":2,\"name\":\"\u015e\u00fckr\u00fc Varilci\"}]},{\"@type\":\"WebSite\",\"@id\":\"https:\\\/\\\/esmeraylaw.com\\\/zh-CN\\\/#website\",\"url\":\"https:\\\/\\\/esmeraylaw.com\\\/zh-CN\\\/\",\"name\":\"Esmeray \u5f8b\u5e08\u4e8b\u52a1\u6240\",\"description\":\"\u5546\u6cd5\u5f8b\u5e08\",\"potentialAction\":[{\"@type\":\"SearchAction\",\"target\":{\"@type\":\"EntryPoint\",\"urlTemplate\":\"https:\\\/\\\/esmeraylaw.com\\\/zh-CN\\\/?s={search_term_string}\"},\"query-input\":{\"@type\":\"PropertyValueSpecification\",\"valueRequired\":true,\"valueName\":\"search_term_string\"}}],\"inLanguage\":\"zh-TW\"}]}<\/script>\n<!-- \/ Yoast SEO plugin. -->","yoast_head_json":{"title":"\u015e\u00fckr\u00fc Varilci - Esmeray \u5f8b\u5e08\u4e8b\u52a1\u6240","robots":{"index":"index","follow":"follow","max-snippet":"max-snippet:-1","max-image-preview":"max-image-preview:large","max-video-preview":"max-video-preview:-1"},"canonical":"https:\/\/esmeraylaw.com\/zh-CN\/sukru-varilci\/","og_locale":"zh_TW","og_type":"article","og_title":"\u015e\u00fckr\u00fc Varilci - Esmeray \u5f8b\u5e08\u4e8b\u52a1\u6240","og_description":"[vc_row][vc_column][vc_col [\u2026]","og_url":"https:\/\/esmeraylaw.com\/zh-CN\/sukru-varilci\/","og_site_name":"Esmeray \u5f8b\u5e08\u4e8b\u52a1\u6240","article_modified_time":"2020-09-21T15:52:11+00:00","twitter_card":"summary_large_image","schema":{"@context":"https:\/\/schema.org","@graph":[{"@type":"WebPage","@id":"https:\/\/esmeraylaw.com\/zh-CN\/sukru-varilci\/","url":"https:\/\/esmeraylaw.com\/zh-CN\/sukru-varilci\/","name":"\u015e\u00fckr\u00fc Varilci - Esmeray \u5f8b\u5e08\u4e8b\u52a1\u6240","isPartOf":{"@id":"https:\/\/esmeraylaw.com\/zh-CN\/#website"},"datePublished":"2020-09-20T06:20:03+00:00","dateModified":"2020-09-21T15:52:11+00:00","breadcrumb":{"@id":"https:\/\/esmeraylaw.com\/zh-CN\/sukru-varilci\/#breadcrumb"},"inLanguage":"zh-TW","potentialAction":[{"@type":"ReadAction","target":["https:\/\/esmeraylaw.com\/zh-CN\/sukru-varilci\/"]}]},{"@type":"BreadcrumbList","@id":"https:\/\/esmeraylaw.com\/zh-CN\/sukru-varilci\/#breadcrumb","itemListElement":[{"@type":"ListItem","position":1,"name":"\u9996\u9801","item":"https:\/\/esmeraylaw.com\/zh-CN\/"},{"@type":"ListItem","position":2,"name":"\u015e\u00fckr\u00fc Varilci"}]},{"@type":"WebSite","@id":"https:\/\/esmeraylaw.com\/zh-CN\/#website","url":"https:\/\/esmeraylaw.com\/zh-CN\/","name":"Esmeray \u5f8b\u5e08\u4e8b\u52a1\u6240","description":"\u5546\u6cd5\u5f8b\u5e08","potentialAction":[{"@type":"SearchAction","target":{"@type":"EntryPoint","urlTemplate":"https:\/\/esmeraylaw.com\/zh-CN\/?s={search_term_string}"},"query-input":{"@type":"PropertyValueSpecification","valueRequired":true,"valueName":"search_term_string"}}],"inLanguage":"zh-TW"}]}},"_links":{"self":[{"href":"https:\/\/esmeraylaw.com\/zh-CN\/wp-json\/wp\/v2\/pages\/77","targetHints":{"allow":["GET"]}}],"collection":[{"href":"https:\/\/esmeraylaw.com\/zh-CN\/wp-json\/wp\/v2\/pages"}],"about":[{"href":"https:\/\/esmeraylaw.com\/zh-CN\/wp-json\/wp\/v2\/types\/page"}],"author":[{"embeddable":true,"href":"https:\/\/esmeraylaw.com\/zh-CN\/wp-json\/wp\/v2\/users\/1"}],"replies":[{"embeddable":true,"href":"https:\/\/esmeraylaw.com\/zh-CN\/wp-json\/wp\/v2\/comments?post=77"}],"version-history":[{"count":0,"href":"https:\/\/esmeraylaw.com\/zh-CN\/wp-json\/wp\/v2\/pages\/77\/revisions"}],"wp:attachment":[{"href":"https:\/\/esmeraylaw.com\/zh-CN\/wp-json\/wp\/v2\/media?parent=77"}],"curies":[{"name":"wp","href":"https:\/\/api.w.org\/{rel}","templated":true}]}}